{"id":81,"date":"2024-04-20T16:27:05","date_gmt":"2024-04-20T14:27:05","guid":{"rendered":"https:\/\/techne183.com\/?page_id=81"},"modified":"2024-05-13T17:13:44","modified_gmt":"2024-05-13T15:13:44","slug":"inicio","status":"publish","type":"page","link":"https:\/\/techne183.com\/","title":{"rendered":"Inicio"},"content":{"rendered":"\t\t<div data-elementor-type=\"wp-page\" data-elementor-id=\"81\" class=\"elementor elementor-81\">\n\t\t\t\t\t\t<div class=\"elementor-section elementor-top-section elementor-element elementor-element-1b9dd08 elementor-section-boxed elementor-section-height-default elementor-section-height-default\" data-id=\"1b9dd08\" data-element_type=\"section\" data-settings=\"{&quot;background_background&quot;:&quot;gradient&quot;}\">\n\t\t\t\t\t\t\t<div class=\"elementor-background-overlay\"><\/div>\n\t\t\t\t\t\t\t<div class=\"elementor-container elementor-column-gap-default\">\n\t\t\t\t\t<div class=\"elementor-column elementor-col-100 elementor-top-column elementor-element elementor-element-78be47c\" data-id=\"78be47c\" data-element_type=\"column\">\n\t\t\t<div class=\"elementor-widget-wrap elementor-element-populated\">\n\t\t\t\t\t\t<div class=\"elementor-element elementor-element-51f82da elementor-invisible elementor-widget elementor-widget-heading\" data-id=\"51f82da\" data-element_type=\"widget\" data-settings=\"{&quot;_animation&quot;:&quot;fadeInUp&quot;,&quot;_animation_delay&quot;:180}\" data-widget_type=\"heading.default\">\n\t\t\t\t<div class=\"elementor-widget-container\">\n\t\t\t<style>\/*! elementor - v3.21.0 - 18-04-2024 *\/\n.elementor-heading-title{padding:0;margin:0;line-height:1}.elementor-widget-heading .elementor-heading-title[class*=elementor-size-]>a{color:inherit;font-size:inherit;line-height:inherit}.elementor-widget-heading .elementor-heading-title.elementor-size-small{font-size:15px}.elementor-widget-heading .elementor-heading-title.elementor-size-medium{font-size:19px}.elementor-widget-heading .elementor-heading-title.elementor-size-large{font-size:29px}.elementor-widget-heading .elementor-heading-title.elementor-size-xl{font-size:39px}.elementor-widget-heading .elementor-heading-title.elementor-size-xxl{font-size:59px}<\/style><h5 class=\"elementor-heading-title elementor-size-default\">Arquitectura y Consultor\u00eda<\/h5>\t\t<\/div>\n\t\t\t\t<\/div>\n\t\t\t\t<div class=\"elementor-element elementor-element-b181eaf elementor-invisible elementor-widget elementor-widget-heading\" data-id=\"b181eaf\" data-element_type=\"widget\" data-settings=\"{&quot;_animation&quot;:&quot;fadeInUp&quot;,&quot;_animation_delay&quot;:260}\" data-widget_type=\"heading.default\">\n\t\t\t\t<div class=\"elementor-widget-container\">\n\t\t\t<h2 class=\"elementor-heading-title elementor-size-default\">\u00a1Estamos construyendo la web!<\/h2>\t\t<\/div>\n\t\t\t\t<\/div>\n\t\t\t\t<section class=\"elementor-section elementor-inner-section elementor-element elementor-element-debc28b elementor-section-boxed elementor-section-height-default elementor-section-height-default elementor-invisible\" data-id=\"debc28b\" data-element_type=\"section\" data-settings=\"{&quot;animation&quot;:&quot;zoomOutUp&quot;,&quot;animation_delay&quot;:380}\">\n\t\t\t\t\t\t<div class=\"elementor-container elementor-column-gap-default\">\n\t\t\t\t\t<div class=\"elementor-column elementor-col-100 elementor-inner-column elementor-element elementor-element-4ec7a41\" data-id=\"4ec7a41\" data-element_type=\"column\" data-settings=\"{&quot;background_background&quot;:&quot;classic&quot;}\">\n\t\t\t<div class=\"elementor-widget-wrap elementor-element-populated\">\n\t\t\t\t\t\t<div class=\"elementor-element elementor-element-fb9fbdd elementor-widget__width-initial elementor-widget-mobile__width-inherit elementor-widget elementor-widget-text-editor\" data-id=\"fb9fbdd\" data-element_type=\"widget\" data-widget_type=\"text-editor.default\">\n\t\t\t\t<div class=\"elementor-widget-container\">\n\t\t\t<style>\/*! elementor - v3.21.0 - 18-04-2024 *\/\n.elementor-widget-text-editor.elementor-drop-cap-view-stacked .elementor-drop-cap{background-color:#69727d;color:#fff}.elementor-widget-text-editor.elementor-drop-cap-view-framed .elementor-drop-cap{color:#69727d;border:3px solid;background-color:transparent}.elementor-widget-text-editor:not(.elementor-drop-cap-view-default) .elementor-drop-cap{margin-top:8px}.elementor-widget-text-editor:not(.elementor-drop-cap-view-default) .elementor-drop-cap-letter{width:1em;height:1em}.elementor-widget-text-editor .elementor-drop-cap{float:left;text-align:center;line-height:1;font-size:50px}.elementor-widget-text-editor .elementor-drop-cap-letter{display:inline-block}<\/style>\t\t\t\t<p>Pr\u00f3ximamente podr\u00e9is conocer todos los detalles. Mientras tanto, puedes escribirnos a trav\u00e9s de este formulario.<\/p>\t\t\t\t\t\t<\/div>\n\t\t\t\t<\/div>\n\t\t\t\t<div class=\"elementor-element elementor-element-66ae626 elementor-button-align-stretch elementor-widget elementor-widget-bdt-contact-form\" data-id=\"66ae626\" data-element_type=\"widget\" data-widget_type=\"bdt-contact-form.default\">\n\t\t\t\t<div class=\"elementor-widget-container\">\n\t\t\t\t\t<div class=\"bdt-contact-form bdt-contact-form-skin-default\">\n\t\t\t<div class=\"elementor-form-fields-wrapper\">\n\t\t\t\t\t\t<div class=\"bdt-contact-form-wrapper\">\n\t\t\t<form class=\"bdt-contact-form-form bdt-form-stacked bdt-grid bdt-grid-small without-recaptcha\" data-bdt-grid=\"\" action=\"https:\/\/techne183.com\/wp-admin\/admin-ajax.php\" method=\"post\">\n\n\t\t\t\t\n\t\t\t\t\t<div class=\"bdt-field-group elementor-field-required bdt-width-1-1\">\n\t\t\t\t\t\t<label for=\"user_name66ae626\" class=\"bdt-form-label\">Nombre*<\/label><div class=\"bdt-form-controls\"><input type=\"text\" name=\"name\" id=\"user_name66ae626\" placeholder=\"Nombre\" class=\"bdt-input bdt-form-default\" required =\"required\"><\/div>\t\t\t\t\t<\/div>\n\n\t\t\t\t\t<div class=\"bdt-field-group elementor-field-required bdt-width-1-1\">\n\t\t\t\t\t\t<label for=\"email66ae626\" class=\"bdt-form-label\">Email*<\/label><div class=\"bdt-form-controls\"><input type=\"email\" name=\"email\" id=\"email66ae626\" placeholder=\"Correo electr\u00f3nico\" class=\"bdt-input bdt-form-default\" required=\"required\"><\/div>\t\t\t\t\t<\/div>\n\n\t\t\t\t\t\t\t\t\t\t\t<div class=\"bdt-field-group bdt-width-1-1 elementor-field-required\">\n\t\t\t\t\t\t\t<label for=\"contact66ae626\" class=\"bdt-form-label\">Tel\u00e9fono<\/label><div class=\"bdt-form-controls\"><input type=\"tel\" name=\"contact\" id=\"contact66ae626\" placeholder=\"Tel\u00e9fono\" class=\"bdt-input bdt-form-default\"><\/div>\t\t\t\t\t\t<\/div>\n\t\t\t\t\t\n\t\t\t\t\t\n\t\t\t\t\t\n\t\t\t\t\t\t\t\t\t\t\t<div class=\"bdt-field-group bdt-width-1-1 elementor-field-required\">\n\t\t\t\t\t\t\t<label for=\"message66ae626\" class=\"bdt-form-label\">Mensaje<\/label><div class=\"bdt-form-controls\"><textarea name=\"message\" id=\"message66ae626\" rows=\"5\" placeholder=\"\u00bfC\u00f3mo podemos ayudarte?\" class=\"bdt-textarea bdt-form-default\" required=\"required\"><\/textarea><\/div>\t\t\t\t\t\t<\/div>\n\t\t\t\t\t\n\t\t\t\t\t\n\n\t\t\t\t\t\n\t\t\t\t\t\n\t\t\t\t\t<input type=\"hidden\" class=\"widget_id\" name=\"widget_id\" value=\"66ae626\" \/>\n\t\t\t\t\t<input type=\"hidden\" name=\"bdt-sf-66ae626\" value=\"true\" \/>\n\t\t\t\t\t<input type=\"hidden\" class=\"page_id\" name=\"page_id\" value=\"81\" \/>\n\n\t\t\t\t\t<div class=\"elementor-field-type-submit bdt-field-group bdt-flex bdt-width-1-1\">\n\t\t\t\t\t\t<button type=\"submit\" class=\"elementor-button bdt-button bdt-button-primary\" name=\"submit\">\n\t\t\t\t\t\t\t\t\t\t\t\t\t\t\t<span>Enviar<\/span>\n\t\t\t\t\t\t\t\t\t\t\t\t\t<\/button>\n\t\t\t\t\t<\/div>\n\n\t\t\t\t\t<input name=\"_wpnonce\" value=\"f6811eed30\" type=\"hidden\">\n\n\t\t\t\t\t<input type=\"hidden\" name=\"action\" value=\"element_pack_contact_form\" \/>\n\n\t\t\t\t\t\n\t\t\t<\/form>\n\t\t<\/div>\n\t\t\t<\/div>\n\t\t<\/div>\n\t\t\t<\/div>\n\t\t\t\t<\/div>\n\t\t\t\t\t<\/div>\n\t\t<\/div>\n\t\t\t\t\t<\/div>\n\t\t<\/section>\n\t\t\t\t\t<\/div>\n\t\t<\/div>\n\t\t\t\t\t<\/div>\n\t\t<\/div>\n\t\t\t\t<section class=\"elementor-section elementor-top-section elementor-element elementor-element-b24eb12 elementor-section-boxed elementor-section-height-default elementor-section-height-default\" data-id=\"b24eb12\" data-element_type=\"section\">\n\t\t\t\t\t\t<div class=\"elementor-container elementor-column-gap-default\">\n\t\t\t\t\t<div class=\"elementor-column elementor-col-100 elementor-top-column elementor-element elementor-element-f66bd9d\" data-id=\"f66bd9d\" data-element_type=\"column\">\n\t\t\t<div class=\"elementor-widget-wrap elementor-element-populated\">\n\t\t\t\t\t\t<div class=\"elementor-element elementor-element-efad035 elementor-invisible elementor-widget elementor-widget-heading\" data-id=\"efad035\" data-element_type=\"widget\" data-settings=\"{&quot;_animation&quot;:&quot;fadeInUp&quot;,&quot;_animation_delay&quot;:380}\" data-widget_type=\"heading.default\">\n\t\t\t\t<div class=\"elementor-widget-container\">\n\t\t\t<h5 class=\"elementor-heading-title elementor-size-default\">Mientras tanto...<\/h5>\t\t<\/div>\n\t\t\t\t<\/div>\n\t\t\t\t<div class=\"elementor-element elementor-element-28ca666 elementor-widget__width-initial elementor-widget-tablet__width-initial elementor-widget-mobile__width-inherit elementor-invisible elementor-widget elementor-widget-heading\" data-id=\"28ca666\" data-element_type=\"widget\" data-settings=\"{&quot;_animation&quot;:&quot;fadeInUp&quot;,&quot;_animation_delay&quot;:460}\" data-widget_type=\"heading.default\">\n\t\t\t\t<div class=\"elementor-widget-container\">\n\t\t\t<h2 class=\"elementor-heading-title elementor-size-default\">\u00bfTe gustar\u00eda saber algo m\u00e1s sobre nosotros?<\/h2>\t\t<\/div>\n\t\t\t\t<\/div>\n\t\t\t\t<div class=\"elementor-element elementor-element-aff510d elementor-invisible elementor-widget elementor-widget-bdt-accordion\" data-id=\"aff510d\" data-element_type=\"widget\" data-settings=\"{&quot;_animation&quot;:&quot;fadeInUp&quot;,&quot;_animation_delay&quot;:540}\" data-widget_type=\"bdt-accordion.default\">\n\t\t\t\t<div class=\"elementor-widget-container\">\n\t\t\t        <div class=\"bdt-ep-accordion-container\">\n            <div id=\"bdt-ep-accordion-aff510d\" class=\"bdt-ep-accordion bdt-accordion\" data-bdt-accordion=\"{&quot;collapsible&quot;:true,&quot;multiple&quot;:false,&quot;transition&quot;:&quot;ease-in-out&quot;}\" data-settings=\"{&quot;id&quot;:&quot;bdt-ep-accordion-aff510d&quot;,&quot;activeHash&quot;:&quot;no&quot;,&quot;activeScrollspy&quot;:null,&quot;hashTopOffset&quot;:false,&quot;hashScrollspyTime&quot;:false}\">\n                                    <div class=\"bdt-ep-accordion-item bdt-open\">\n                        <div class=\"bdt-ep-accordion-title bdt-accordion-title bdt-flex bdt-flex-middle bdt-flex-between\" id=\"bdt-ep-accordion-qu-es-techn183\" data-accordion-index=\"0\"  data-title=\"qu-es-techn-183\">\n\n                                                            <span class=\"bdt-ep-accordion-icon bdt-flex-align-right\" aria-hidden=\"true\">\n\n                                                                            <span class=\"bdt-ep-accordion-icon-closed\">\n                                            <svg aria-hidden=\"true\" class=\"fa-fw e-font-icon-svg e-fas-plus\" viewBox=\"0 0 448 512\" xmlns=\"http:\/\/www.w3.org\/2000\/svg\"><path d=\"M416 208H272V64c0-17.67-14.33-32-32-32h-32c-17.67 0-32 14.33-32 32v144H32c-17.67 0-32 14.33-32 32v32c0 17.67 14.33 32 32 32h144v144c0 17.67 14.33 32 32 32h32c17.67 0 32-14.33 32-32V304h144c17.67 0 32-14.33 32-32v-32c0-17.67-14.33-32-32-32z\"><\/path><\/svg>                                        <\/span>\n                                    \n                                                                            <span class=\"bdt-ep-accordion-icon-opened\">\n                                            <svg aria-hidden=\"true\" class=\"fa-fw e-font-icon-svg e-fas-minus\" viewBox=\"0 0 448 512\" xmlns=\"http:\/\/www.w3.org\/2000\/svg\"><path d=\"M416 208H32c-17.67 0-32 14.33-32 32v32c0 17.67 14.33 32 32 32h384c17.67 0 32-14.33 32-32v-32c0-17.67-14.33-32-32-32z\"><\/path><\/svg>                                        <\/span>\n                                    \n                                <\/span>\n                            \n                            <span role=\"heading\" class=\"bdt-ep-title-text bdt-flex bdt-flex-middle\">\n\n                                                                \u00bfQu\u00e9 es Techn\u00e9183?                            <\/span>\n\n                        <\/div>\n                        <div class=\"bdt-ep-accordion-content bdt-accordion-content\">\n                            <p class=\"p1\"><span class=\"s1\">Es un estudio de arquitectura y consultor\u00eda especializado en el sector residencial. Ofrece una gama diversa de servicios, trabajando de la mano de promotores e inversores.<\/span><\/p>                        <\/div>\n                    <\/div>\n                                    <div class=\"bdt-ep-accordion-item\">\n                        <div class=\"bdt-ep-accordion-title bdt-accordion-title bdt-flex bdt-flex-middle bdt-flex-between\" id=\"bdt-ep-accordion-quines-somos\" data-accordion-index=\"1\"  data-title=\"qui-nes-somos\">\n\n                                                            <span class=\"bdt-ep-accordion-icon bdt-flex-align-right\" aria-hidden=\"true\">\n\n                                                                            <span class=\"bdt-ep-accordion-icon-closed\">\n                                            <svg aria-hidden=\"true\" class=\"fa-fw e-font-icon-svg e-fas-plus\" viewBox=\"0 0 448 512\" xmlns=\"http:\/\/www.w3.org\/2000\/svg\"><path d=\"M416 208H272V64c0-17.67-14.33-32-32-32h-32c-17.67 0-32 14.33-32 32v144H32c-17.67 0-32 14.33-32 32v32c0 17.67 14.33 32 32 32h144v144c0 17.67 14.33 32 32 32h32c17.67 0 32-14.33 32-32V304h144c17.67 0 32-14.33 32-32v-32c0-17.67-14.33-32-32-32z\"><\/path><\/svg>                                        <\/span>\n                                    \n                                                                            <span class=\"bdt-ep-accordion-icon-opened\">\n                                            <svg aria-hidden=\"true\" class=\"fa-fw e-font-icon-svg e-fas-minus\" viewBox=\"0 0 448 512\" xmlns=\"http:\/\/www.w3.org\/2000\/svg\"><path d=\"M416 208H32c-17.67 0-32 14.33-32 32v32c0 17.67 14.33 32 32 32h384c17.67 0 32-14.33 32-32v-32c0-17.67-14.33-32-32-32z\"><\/path><\/svg>                                        <\/span>\n                                    \n                                <\/span>\n                            \n                            <span role=\"heading\" class=\"bdt-ep-title-text bdt-flex bdt-flex-middle\">\n\n                                                                \u00bfQui\u00e9nes somos?                            <\/span>\n\n                        <\/div>\n                        <div class=\"bdt-ep-accordion-content bdt-accordion-content\">\n                            <p class=\"p1\"><span class=\"s1\">Somos arquitectos y t\u00e9cnicos especialistas del sector residencial, con experiencia y conocimiento profundo del sector. Poseemos una visi\u00f3n integral del sector inmobiliario.<\/span><\/p>                        <\/div>\n                    <\/div>\n                                    <div class=\"bdt-ep-accordion-item\">\n                        <div class=\"bdt-ep-accordion-title bdt-accordion-title bdt-flex bdt-flex-middle bdt-flex-between\" id=\"bdt-ep-accordion-qu-ofrecemos\" data-accordion-index=\"2\"  data-title=\"qu-ofrecemos\">\n\n                                                            <span class=\"bdt-ep-accordion-icon bdt-flex-align-right\" aria-hidden=\"true\">\n\n                                                                            <span class=\"bdt-ep-accordion-icon-closed\">\n                                            <svg aria-hidden=\"true\" class=\"fa-fw e-font-icon-svg e-fas-plus\" viewBox=\"0 0 448 512\" xmlns=\"http:\/\/www.w3.org\/2000\/svg\"><path d=\"M416 208H272V64c0-17.67-14.33-32-32-32h-32c-17.67 0-32 14.33-32 32v144H32c-17.67 0-32 14.33-32 32v32c0 17.67 14.33 32 32 32h144v144c0 17.67 14.33 32 32 32h32c17.67 0 32-14.33 32-32V304h144c17.67 0 32-14.33 32-32v-32c0-17.67-14.33-32-32-32z\"><\/path><\/svg>                                        <\/span>\n                                    \n                                                                            <span class=\"bdt-ep-accordion-icon-opened\">\n                                            <svg aria-hidden=\"true\" class=\"fa-fw e-font-icon-svg e-fas-minus\" viewBox=\"0 0 448 512\" xmlns=\"http:\/\/www.w3.org\/2000\/svg\"><path d=\"M416 208H32c-17.67 0-32 14.33-32 32v32c0 17.67 14.33 32 32 32h384c17.67 0 32-14.33 32-32v-32c0-17.67-14.33-32-32-32z\"><\/path><\/svg>                                        <\/span>\n                                    \n                                <\/span>\n                            \n                            <span role=\"heading\" class=\"bdt-ep-title-text bdt-flex bdt-flex-middle\">\n\n                                                                \u00bfQu\u00e9 ofrecemos?                            <\/span>\n\n                        <\/div>\n                        <div class=\"bdt-ep-accordion-content bdt-accordion-content\">\n                            <p class=\"p1\"><span class=\"s1\">Informes de viabilidad de proyectos, certificados e informes, tasaciones.<\/span><\/p>                        <\/div>\n                    <\/div>\n                                    <div class=\"bdt-ep-accordion-item\">\n                        <div class=\"bdt-ep-accordion-title bdt-accordion-title bdt-flex bdt-flex-middle bdt-flex-between\" id=\"bdt-ep-accordion-a-quin-podemos-ayudar\" data-accordion-index=\"3\"  data-title=\"a-qui-n-podemos-ayudar\">\n\n                                                            <span class=\"bdt-ep-accordion-icon bdt-flex-align-right\" aria-hidden=\"true\">\n\n                                                                            <span class=\"bdt-ep-accordion-icon-closed\">\n                                            <svg aria-hidden=\"true\" class=\"fa-fw e-font-icon-svg e-fas-plus\" viewBox=\"0 0 448 512\" xmlns=\"http:\/\/www.w3.org\/2000\/svg\"><path d=\"M416 208H272V64c0-17.67-14.33-32-32-32h-32c-17.67 0-32 14.33-32 32v144H32c-17.67 0-32 14.33-32 32v32c0 17.67 14.33 32 32 32h144v144c0 17.67 14.33 32 32 32h32c17.67 0 32-14.33 32-32V304h144c17.67 0 32-14.33 32-32v-32c0-17.67-14.33-32-32-32z\"><\/path><\/svg>                                        <\/span>\n                                    \n                                                                            <span class=\"bdt-ep-accordion-icon-opened\">\n                                            <svg aria-hidden=\"true\" class=\"fa-fw e-font-icon-svg e-fas-minus\" viewBox=\"0 0 448 512\" xmlns=\"http:\/\/www.w3.org\/2000\/svg\"><path d=\"M416 208H32c-17.67 0-32 14.33-32 32v32c0 17.67 14.33 32 32 32h384c17.67 0 32-14.33 32-32v-32c0-17.67-14.33-32-32-32z\"><\/path><\/svg>                                        <\/span>\n                                    \n                                <\/span>\n                            \n                            <span role=\"heading\" class=\"bdt-ep-title-text bdt-flex bdt-flex-middle\">\n\n                                                                \u00bfA qui\u00e9n podemos ayudar?                            <\/span>\n\n                        <\/div>\n                        <div class=\"bdt-ep-accordion-content bdt-accordion-content\">\n                            <p class=\"p1\"><span class=\"s1\">Principalmente a promotores e inversores, tambi\u00e9n a otros profesionales del sector y a particulares.<\/span><\/p>                        <\/div>\n                    <\/div>\n                            <\/div>\n        <\/div>\n\t\t<\/div>\n\t\t\t\t<\/div>\n\t\t\t\t\t<\/div>\n\t\t<\/div>\n\t\t\t\t\t<\/div>\n\t\t<\/section>\n\t\t\t\t<\/div>\n\t\t","protected":false},"excerpt":{"rendered":"<p>Arquitectura y Consultor\u00eda \u00a1Estamos construyendo la web! Pr\u00f3ximamente podr\u00e9is conocer todos los detalles. Mientras tanto, puedes escribirnos a trav\u00e9s de este formulario. [&hellip;]<\/p>\n","protected":false},"author":1,"featured_media":0,"parent":0,"menu_order":0,"comment_status":"closed","ping_status":"closed","template":"","meta":{"footnotes":""},"class_list":["post-81","page","type-page","status-publish","hentry"],"_links":{"self":[{"href":"https:\/\/techne183.com\/index.php?rest_route=\/wp\/v2\/pages\/81","targetHints":{"allow":["GET"]}}],"collection":[{"href":"https:\/\/techne183.com\/index.php?rest_route=\/wp\/v2\/pages"}],"about":[{"href":"https:\/\/techne183.com\/index.php?rest_route=\/wp\/v2\/types\/page"}],"author":[{"embeddable":true,"href":"https:\/\/techne183.com\/index.php?rest_route=\/wp\/v2\/users\/1"}],"replies":[{"embeddable":true,"href":"https:\/\/techne183.com\/index.php?rest_route=%2Fwp%2Fv2%2Fcomments&post=81"}],"version-history":[{"count":19,"href":"https:\/\/techne183.com\/index.php?rest_route=\/wp\/v2\/pages\/81\/revisions"}],"predecessor-version":[{"id":119,"href":"https:\/\/techne183.com\/index.php?rest_route=\/wp\/v2\/pages\/81\/revisions\/119"}],"wp:attachment":[{"href":"https:\/\/techne183.com\/index.php?rest_route=%2Fwp%2Fv2%2Fmedia&parent=81"}],"curies":[{"name":"wp","href":"https:\/\/api.w.org\/{rel}","templated":true}]}}